{"id":15555,"date":"2026-03-11T19:34:39","date_gmt":"2026-03-11T19:34:39","guid":{"rendered":"https:\/\/talec.com.br\/?post_type=product&#038;p=15555"},"modified":"2026-03-11T19:35:42","modified_gmt":"2026-03-11T19:35:42","slug":"pdv-minha-loja-2","status":"publish","type":"product","link":"https:\/\/talec.com.br\/?product=pdv-minha-loja-2","title":{"rendered":"PDV  Minha loja Fiscal"},"content":{"rendered":"<h1 class=\"hp_software_text_title\">Sistema de PDV e Controle de estoque<\/h1>\n<article>imagem meramente ilustrativa <\/p>\n<p class=\"hp_software_text_subtitle\">Transforme seu Smartphone ou Tablet em um poderoso PDV. Gerencie vendas, estoque e funcion\u00e1rios com facilidade; engaje clientes e aumente sua receita. Se voc\u00ea possui uma ou v\u00e1rias lojas, nossas ferramentas ajudam a administrar seus neg\u00f3cios.<\/p>\n<\/article>\n<p>Produto  Fiscal<\/p>\n<p>Gera cupom  fiscal<\/p>\n<ul class=\"hp_tools_text\">\n<li>Cupons eletr\u00f4nicos ou impressos<\/li>\n<li>Aplique descontos ou emita reembolsos<\/li>\n<li>Continuar a efetuar vendas mesmo enquanto offline<\/li>\n<li>Conecte uma impressora de cupons, um Scanner de c\u00f3digo de barras e uma gaveta de dinheiro<\/li>\n<\/ul>\n<p><img decoding=\"async\" src=\"https:\/\/loyverse.com\/sites\/all\/themes\/loyversecom\/images\/home\/multistore.png\" alt=\"Multi-lojas Loyverse PDV\"><\/p>\n<h3 class=\"hp_tools_block_title\">Gest\u00e3o multi loja<\/h3>\n<p class=\"hp_tools_subtitle\">Expanda seu neg\u00f3cio de uma loja para centenas lojas<\/p>\n<ul class=\"hp_tools_text\">\n<li>Compare o desempenho de suas lojas<\/li>\n<li>Gerencie itens, funcion\u00e1rios e clientes em v\u00e1rias lojas com uma \u00fanica conta<\/li>\n<\/ul>\n","protected":false},"excerpt":{"rendered":"<p>Sistema de PDV e Controle de estoque imagem meramente ilustrativa Transforme seu Smartphone ou Tablet em um poderoso PDV. Gerencie vendas, estoque e funcion\u00e1rios com facilidade; engaje clientes e aumente sua receita. Se voc\u00ea possui uma ou v\u00e1rias lojas, nossas ferramentas ajudam a administrar seus neg\u00f3cios. Produto Fiscal Gera cupom fiscal Cupons eletr\u00f4nicos ou impressos&hellip;<\/p>\n","protected":false},"featured_media":12949,"comment_status":"open","ping_status":"closed","template":"","meta":[],"product_cat":[173,174],"product_tag":[],"class_list":{"0":"post-15555","1":"product","2":"type-product","3":"status-publish","4":"has-post-thumbnail","6":"product_cat-informatica","7":"product_cat-software","9":"first","10":"instock","11":"sale","12":"virtual","13":"taxable","14":"purchasable","15":"product-type-subscription","16":"col-xs-6 col-sm-4","17":"col-md-3 col-lg-3","18":"un-4-cols"},"jetpack_sharing_enabled":true,"_links":{"self":[{"href":"https:\/\/talec.com.br\/index.php?rest_route=\/wp\/v2\/product\/15555","targetHints":{"allow":["GET"]}}],"collection":[{"href":"https:\/\/talec.com.br\/index.php?rest_route=\/wp\/v2\/product"}],"about":[{"href":"https:\/\/talec.com.br\/index.php?rest_route=\/wp\/v2\/types\/product"}],"replies":[{"embeddable":true,"href":"https:\/\/talec.com.br\/index.php?rest_route=%2Fwp%2Fv2%2Fcomments&post=15555"}],"wp:featuredmedia":[{"embeddable":true,"href":"https:\/\/talec.com.br\/index.php?rest_route=\/wp\/v2\/media\/12949"}],"wp:attachment":[{"href":"https:\/\/talec.com.br\/index.php?rest_route=%2Fwp%2Fv2%2Fmedia&parent=15555"}],"wp:term":[{"taxonomy":"product_cat","embeddable":true,"href":"https:\/\/talec.com.br\/index.php?rest_route=%2Fwp%2Fv2%2Fproduct_cat&post=15555"},{"taxonomy":"product_tag","embeddable":true,"href":"https:\/\/talec.com.br\/index.php?rest_route=%2Fwp%2Fv2%2Fproduct_tag&post=15555"}],"curies":[{"name":"wp","href":"https:\/\/api.w.org\/{rel}","templated":true}]}}