{"id":15535,"date":"2026-02-07T20:46:34","date_gmt":"2026-02-07T20:46:34","guid":{"rendered":"https:\/\/talec.com.br\/?post_type=product&#038;p=15535"},"modified":"2026-02-07T20:49:59","modified_gmt":"2026-02-07T20:49:59","slug":"capa-case-interior-aveludada-para-galaxy-a70-em-silicone","status":"publish","type":"product","link":"https:\/\/talec.com.br\/?product=capa-case-interior-aveludada-para-galaxy-a70-em-silicone","title":{"rendered":"Capa Case Interior Aveludada para Galaxy A70 em Silicone"},"content":{"rendered":"<p class=\"QN2lPu\">Este an\u00fancio cont\u00e9m os modelos coloridos, com veludo por dentro.<\/p>\n<p class=\"QN2lPu\">\u2022 Confort\u00e1vel<\/p>\n<p class=\"QN2lPu\">\u2022 N\u00e3o precisa tirar para carregar o celular<\/p>\n<p class=\"QN2lPu\">Os modelos com prote\u00e7\u00e3o na c\u00e2mera s\u00e3o sempre fechados na parte inferior. J\u00e1 os modelos sem prote\u00e7\u00e3o podem ir tanto aberto quanto fechados, de acordo com o lote. Infelizmente n\u00e3o \u00e9 poss\u00edvel escolher entre elas, sendo enviados de forma aleat\u00f3ria conforme disponibilidade.<\/p>\n","protected":false},"excerpt":{"rendered":"<p>Este an\u00fancio cont\u00e9m os modelos coloridos, com veludo por dentro. \u2022 Confort\u00e1vel \u2022 N\u00e3o precisa tirar para carregar o celular Os modelos com prote\u00e7\u00e3o na c\u00e2mera s\u00e3o sempre fechados na parte inferior. J\u00e1 os modelos sem prote\u00e7\u00e3o podem ir tanto aberto quanto fechados, de acordo com o lote. Infelizmente n\u00e3o \u00e9 poss\u00edvel escolher entre elas,&hellip;<\/p>\n","protected":false},"featured_media":15536,"comment_status":"open","ping_status":"closed","template":"","meta":[],"product_cat":[572],"product_tag":[],"class_list":{"0":"post-15535","1":"product","2":"type-product","3":"status-publish","4":"has-post-thumbnail","6":"product_cat-capinhas-celular","8":"first","9":"instock","10":"sale","11":"taxable","12":"shipping-taxable","13":"purchasable","14":"product-type-variable","15":"col-xs-6 col-sm-4","16":"col-md-3 col-lg-3","17":"un-4-cols"},"jetpack_sharing_enabled":true,"_links":{"self":[{"href":"https:\/\/talec.com.br\/index.php?rest_route=\/wp\/v2\/product\/15535","targetHints":{"allow":["GET"]}}],"collection":[{"href":"https:\/\/talec.com.br\/index.php?rest_route=\/wp\/v2\/product"}],"about":[{"href":"https:\/\/talec.com.br\/index.php?rest_route=\/wp\/v2\/types\/product"}],"replies":[{"embeddable":true,"href":"https:\/\/talec.com.br\/index.php?rest_route=%2Fwp%2Fv2%2Fcomments&post=15535"}],"wp:featuredmedia":[{"embeddable":true,"href":"https:\/\/talec.com.br\/index.php?rest_route=\/wp\/v2\/media\/15536"}],"wp:attachment":[{"href":"https:\/\/talec.com.br\/index.php?rest_route=%2Fwp%2Fv2%2Fmedia&parent=15535"}],"wp:term":[{"taxonomy":"product_cat","embeddable":true,"href":"https:\/\/talec.com.br\/index.php?rest_route=%2Fwp%2Fv2%2Fproduct_cat&post=15535"},{"taxonomy":"product_tag","embeddable":true,"href":"https:\/\/talec.com.br\/index.php?rest_route=%2Fwp%2Fv2%2Fproduct_tag&post=15535"}],"curies":[{"name":"wp","href":"https:\/\/api.w.org\/{rel}","templated":true}]}}