{"id":15513,"date":"2026-02-07T19:52:32","date_gmt":"2026-02-07T19:52:32","guid":{"rendered":"https:\/\/talec.com.br\/?post_type=product&#038;p=15513"},"modified":"2026-02-07T20:31:15","modified_gmt":"2026-02-07T20:31:15","slug":"capinha-aveludada-para-samsung-galaxy-a24-azul-claro","status":"publish","type":"product","link":"https:\/\/talec.com.br\/?product=capinha-aveludada-para-samsung-galaxy-a24-azul-claro","title":{"rendered":"Capinha Aveludada Para Samsung Galaxy A24 Azul Claro"},"content":{"rendered":"<p>A capa de silicone aveludada para Smartphone A24 oferece uma prote\u00e7\u00e3o suave e elegante para o seu Dispositivo. Com sua textura aveludada, proporciona uma sensa\u00e7\u00e3o agrad\u00e1vel ao toque, enquanto protege o seu Smartphone A24 contra arranh\u00f5es, quedas e sujeira.<\/p>\n<p>Caracter\u00edsticas Principais:<\/p>\n<ul>\n<li>Fabricada em silicone de alta qualidade para prote\u00e7\u00e3o duradoura.<\/li>\n<li>Textura aveludada que proporciona uma sensa\u00e7\u00e3o suave ao toque.<\/li>\n<li>Design fino e leve que n\u00e3o adiciona volume ao seu Dispositivo.<\/li>\n<li>Recortes precisos para acesso f\u00e1cil a todos os bot\u00f5es, c\u00e2meras e portas do Smartphone A24.<\/li>\n<\/ul>\n","protected":false},"excerpt":{"rendered":"<p>A capa de silicone aveludada para Smartphone A24 oferece uma prote\u00e7\u00e3o suave e elegante para o seu Dispositivo. Com sua textura aveludada, proporciona uma sensa\u00e7\u00e3o agrad\u00e1vel ao toque, enquanto protege o seu Smartphone A24 contra arranh\u00f5es, quedas e sujeira. Caracter\u00edsticas Principais: Fabricada em silicone de alta qualidade para prote\u00e7\u00e3o duradoura. Textura aveludada que proporciona uma&hellip;<\/p>\n","protected":false},"featured_media":15514,"comment_status":"open","ping_status":"closed","template":"","meta":[],"product_cat":[572],"product_tag":[],"class_list":{"0":"post-15513","1":"product","2":"type-product","3":"status-publish","4":"has-post-thumbnail","6":"product_cat-capinhas-celular","8":"first","9":"instock","10":"sale","11":"taxable","12":"shipping-taxable","13":"purchasable","14":"product-type-variable","15":"col-xs-6 col-sm-4","16":"col-md-3 col-lg-3","17":"un-4-cols"},"jetpack_sharing_enabled":true,"_links":{"self":[{"href":"https:\/\/talec.com.br\/index.php?rest_route=\/wp\/v2\/product\/15513","targetHints":{"allow":["GET"]}}],"collection":[{"href":"https:\/\/talec.com.br\/index.php?rest_route=\/wp\/v2\/product"}],"about":[{"href":"https:\/\/talec.com.br\/index.php?rest_route=\/wp\/v2\/types\/product"}],"replies":[{"embeddable":true,"href":"https:\/\/talec.com.br\/index.php?rest_route=%2Fwp%2Fv2%2Fcomments&post=15513"}],"wp:featuredmedia":[{"embeddable":true,"href":"https:\/\/talec.com.br\/index.php?rest_route=\/wp\/v2\/media\/15514"}],"wp:attachment":[{"href":"https:\/\/talec.com.br\/index.php?rest_route=%2Fwp%2Fv2%2Fmedia&parent=15513"}],"wp:term":[{"taxonomy":"product_cat","embeddable":true,"href":"https:\/\/talec.com.br\/index.php?rest_route=%2Fwp%2Fv2%2Fproduct_cat&post=15513"},{"taxonomy":"product_tag","embeddable":true,"href":"https:\/\/talec.com.br\/index.php?rest_route=%2Fwp%2Fv2%2Fproduct_tag&post=15513"}],"curies":[{"name":"wp","href":"https:\/\/api.w.org\/{rel}","templated":true}]}}