{"id":15471,"date":"2026-02-01T19:50:16","date_gmt":"2026-02-01T19:50:16","guid":{"rendered":"https:\/\/talec.com.br\/?post_type=product&#038;p=15471"},"modified":"2026-02-04T11:19:14","modified_gmt":"2026-02-04T11:19:14","slug":"site-pronto-comercial1-e-commerce","status":"publish","type":"product","link":"https:\/\/talec.com.br\/?product=site-pronto-comercial1-e-commerce","title":{"rendered":"Site Pronto Comercial 1 E-commerce"},"content":{"rendered":"<p><span dir=\"auto\">Desenvolvemos este Site como um item essencial, com um design bonito, exclusivo e profissional para todos os sites de e-commerce.<\/span><\/p>\n<p><span dir=\"auto\">Este tema \u00e9 adequado para\u00a0<\/span><em><span dir=\"auto\">marketplaces com m\u00faltiplos vendedores ou qualquer loja com v\u00e1rias categorias, como lojas de moda, moda infantil, m\u00f3veis, eletr\u00f4nicos\/tecnologia, cosm\u00e9ticos, presentes, artigos natalinos, ofertas especiais, livrarias, farm\u00e1cias, cl\u00ednicas odontol\u00f3gicas, not\u00edcias sobre jogos, floriculturas, lojas de artigos para casamento, artigos de pesca, bicicletas, jardinagem, alimentos org\u00e2nicos, supermercados, produtos agr\u00edcolas, gr\u00e1ficas, lojas de artesanato, relojoarias, acess\u00f3rios, joias, m\u00f3veis<\/span><\/em><span dir=\"auto\">\u00a0e muito mais.<\/span><\/p>\n<ul>\n<li><strong><span dir=\"auto\">Compat\u00edvel com plugins WordPress de m\u00faltiplos fornecedores<\/span><\/strong><span dir=\"auto\">\u00a0, incluindo: Dokan MarketPlace, WC Vendors, MultiVendorX, WCFM MarketPlace.<\/span><\/li>\n<li><strong>Contrate tambem Fun\u00e7\u00e3o Marketplace<\/strong> , aceite que outras lojas venda em seu e-commerce , fa\u00e7a do seu site um portal de vendas cobrando porcentagem de vendas<\/li>\n<li>\n<div class=\"other-payment-gateways__content__category-container\">\n<div class=\"other-payment-gateways__content__grid\">\n<div class=\"other-payment-gateways__content__grid-item\"><\/div>\n<\/div>\n<\/div>\n<div class=\"other-payment-gateways__content__category-container\">\n<div class=\"other-payment-gateways__content__grid\"><\/div>\n<\/div>\n<div class=\"other-payment-gateways__content__category-container\">\n<div class=\"other-payment-gateways__content__grid\">\n<div class=\"other-payment-gateways__content__grid-item\"><\/div>\n<div class=\"other-payment-gateways__content__grid-item\">\n<div class=\"other-payment-gateways__content__grid-item__content\">\n<div class=\"other-payment-gateways__content__grid-item__content__actions\"><b><i>Gateway<\/i><\/b> de Pagamentos:<\/div>\n<div><\/div>\n<div><strong>Mercado Pago<\/strong><\/div>\n<div>Cart\u00e3o de Credito , Boleto , Pix, Mercado Cr\u00e9dito<\/div>\n<div><strong><span class=\"other-payment-gateways__content__grid-item__content__title\">Stripe <\/span><\/strong><\/div>\n<div><span class=\"other-payment-gateways__content__grid-item__content__title\"><span class=\"components-truncate components-text woocommerce-pill woocommerce-official-extension-badge css-y31jc7 e19lxcc00\" data-wp-c16t=\"true\" data-wp-component=\"Text\"><span class=\"woocommerce-official-extension-badge__container\" tabindex=\"0\" role=\"button\">Oficial <\/span><\/span><\/span><span class=\"other-payment-gateways__content__grid-item__content__description\">Aceite cart\u00f5es de d\u00e9bito e cr\u00e9dito em mais de 135 moedas, m\u00e9todos como Alipay e finaliza\u00e7\u00e3o com um toque com o Apple Pay.<\/span><\/div>\n<div><strong><span class=\"other-payment-gateways__content__grid-item__content__title\">Pagamento via PayPal<\/span><\/strong><\/div>\n<div><span class=\"other-payment-gateways__content__grid-item__content__title\"><span class=\"components-truncate components-text woocommerce-pill woocommerce-official-extension-badge css-y31jc7 e19lxcc00\" data-wp-c16t=\"true\" data-wp-component=\"Text\"><span class=\"woocommerce-official-extension-badge__container\" tabindex=\"0\" role=\"button\">Oficial<\/span><\/span><\/span><span class=\"other-payment-gateways__content__grid-item__content__description\">Pagamentos seguros e protegidos usando a conta PayPal do seu cliente.<\/span><\/div>\n<div>\n<header class=\"wccom-card__header\">\n<div class=\"wccom-card__title-container\">\n<div class=\"wccom-card__vendor\"><strong>Stripe<\/strong><\/div>\n<\/div>\n<\/header>\n<div class=\"wccom-card__content wccom-card__content--dark\">\n<p>Maximize revenue with the new checkout from Stripe.<\/p>\n<p>Neste Plano est\u00e1 incluso toda instala\u00e7\u00e3o por nossa equipe entregamos o site pronto e funcional<\/p>\n<p>toda a configura\u00e7\u00e3o de <b><i>Gateway<\/i><\/b> de pagamentos<\/p>\n<p>treinamento de utiliza\u00e7\u00e3o da ferramenta<\/p>\n<p>Dom\u00ednio registro feito em\u00a0 <em><strong>.com <\/strong><\/em>conforme a diponibilidade do nome de registro *<\/p>\n<\/div>\n<\/div>\n<\/div>\n<\/div>\n<\/div>\n<\/div>\n<\/li>\n<\/ul>\n","protected":false},"excerpt":{"rendered":"[visual-link-preview encoded=\"eyJ0eXBlIjoiZXh0ZXJuYWwiLCJwb3N0IjowLCJwb3N0X2xhYmVsIjoiIiwidXJsIjoiaHR0cHM6Ly9kZW1vMi53cHRoZW1lZ28uY29tL3RoZW1lcy9zd19lbWFya2V0L2xheW91dDM3IiwiaW1hZ2VfaWQiOjE1NDczLCJpbWFnZV91cmwiOiJodHRwOi8vdGFsZWMuY29tLmJyL3dwLWNvbnRlbnQvdXBsb2Fkcy8yMDI2LzAyL2NvbWVyY2lhbC0xLTEuanBnIiwidGl0bGUiOiJEZW1vbnN0cmHDp8OjbyBkbyBzaXRlIG9ubGluZSIsInN1bW1hcnkiOiJTdWEgbG9qYSBwcm9maXNzaW9uYWwgb25saW5lICwgdGlyZSBzZXVzIHByb2pldG9zIGRvIHBhcGVsIiwidGVtcGxhdGUiOiJjb21wYWN0IiwicHJvdmlkZXJfdXNlZCI6InBocCJ9\"]\n","protected":false},"featured_media":15472,"comment_status":"open","ping_status":"closed","template":"","meta":[],"product_cat":[427],"product_tag":[],"class_list":{"0":"post-15471","1":"product","2":"type-product","3":"status-publish","4":"has-post-thumbnail","6":"product_cat-sites-e-plugins","8":"first","9":"instock","10":"taxable","11":"shipping-taxable","12":"purchasable","13":"product-type-variable-subscription","14":"col-xs-6 col-sm-4","15":"col-md-3 col-lg-3","16":"un-4-cols"},"jetpack_sharing_enabled":true,"_links":{"self":[{"href":"https:\/\/talec.com.br\/index.php?rest_route=\/wp\/v2\/product\/15471","targetHints":{"allow":["GET"]}}],"collection":[{"href":"https:\/\/talec.com.br\/index.php?rest_route=\/wp\/v2\/product"}],"about":[{"href":"https:\/\/talec.com.br\/index.php?rest_route=\/wp\/v2\/types\/product"}],"replies":[{"embeddable":true,"href":"https:\/\/talec.com.br\/index.php?rest_route=%2Fwp%2Fv2%2Fcomments&post=15471"}],"wp:featuredmedia":[{"embeddable":true,"href":"https:\/\/talec.com.br\/index.php?rest_route=\/wp\/v2\/media\/15472"}],"wp:attachment":[{"href":"https:\/\/talec.com.br\/index.php?rest_route=%2Fwp%2Fv2%2Fmedia&parent=15471"}],"wp:term":[{"taxonomy":"product_cat","embeddable":true,"href":"https:\/\/talec.com.br\/index.php?rest_route=%2Fwp%2Fv2%2Fproduct_cat&post=15471"},{"taxonomy":"product_tag","embeddable":true,"href":"https:\/\/talec.com.br\/index.php?rest_route=%2Fwp%2Fv2%2Fproduct_tag&post=15471"}],"curies":[{"name":"wp","href":"https:\/\/api.w.org\/{rel}","templated":true}]}}