{"id":15454,"date":"2026-01-31T00:12:17","date_gmt":"2026-01-31T00:12:17","guid":{"rendered":"https:\/\/talec.com.br\/?product=carregador-portatil-iphone"},"modified":"2026-01-31T00:22:05","modified_gmt":"2026-01-31T00:22:05","slug":"carregador-portatil-iphone","status":"publish","type":"product","link":"https:\/\/talec.com.br\/?product=carregador-portatil-iphone","title":{"rendered":"Carregador Port\u00e1til iPhone 11 12 13 14 pro"},"content":{"rendered":"<p>Bateria Externa Iphone Carregador port\u00e1til por indu\u00e7\u00e3o para Iphone Magsafe<\/p>\n<p class=\"qsfBix b5sdqk\" style=\"margin:0px;overflow:hidden;font-family:SHPBurmese,SHPKhmer,-apple-system,HelveticaNeue-Light,\">O carregador port\u00e1til por indu\u00e7\u00e3o \u00e9 ideal para recarregar baterias do seu iPhone de forma r\u00e1pida e simples, sem a necessidade de fios.<\/p>\n<p class=\"qsfBix b5sdqk\" style=\"margin:0px;overflow:hidden;font-family:SHPBurmese,SHPKhmer,-apple-system,HelveticaNeue-Light,\">\u00c9 f\u00e1cil de usar e tem design compacto e intuitivo, conecte o carregador magneticamente \u00e0 parte traseira do telefone e a suc\u00e7\u00e3o de \u00edm\u00e3 super forte \u00e9 preso ao celular (deve ser usado com a capinha *MAGSAFE MAGNETIC* ou capinha com anel magn\u00e9tico).<\/p>\n<p class=\"qsfBix b5sdqk\" style=\"margin:0px;overflow:hidden;font-family:SHPBurmese,SHPKhmer,-apple-system,HelveticaNeue-Light,\">Este \u00e9 um carregador port\u00e1til magn\u00e9tico. Para utiliz\u00e1-lo, \u00e9 necess\u00e1rio usar o aparelho sem nenhum case ou com cases magsafe com o anel magn\u00e9tico pois o campo magn\u00e9tico \u00e9 anulado com os cases comuns que efetua o carregamento do celular<\/p>\n<p class=\"qsfBix b5sdqk\" style=\"margin:0px;overflow:hidden;font-family:SHPBurmese,SHPKhmer,-apple-system,HelveticaNeue-Light,\">OBS- &#8220;Ao carregar o \u200ciPhone\u200c e a bateria MagSafe simultaneamente, o \u200ciPhone\u200c vai carregar at\u00e9 70% ou mais antes que a bateria MagSafe comece a carregar&#8221;<\/p>\n<p class=\"qsfBix b5sdqk\" style=\"margin:0px;overflow:hidden;font-family:SHPBurmese,SHPKhmer,-apple-system,HelveticaNeue-Light,\">Cor: Branco<\/p>\n<p class=\"qsfBix b5sdqk\" style=\"margin:0px;overflow:hidden;font-family:SHPBurmese,SHPKhmer,-apple-system,HelveticaNeue-Light,\">Tipo: Carregador sem fio<\/p>\n<p class=\"qsfBix b5sdqk\" style=\"margin:0px;overflow:hidden;font-family:SHPBurmese,SHPKhmer,-apple-system,HelveticaNeue-Light,\">Material: Alum\u00ednio<\/p>\n<p class=\"qsfBix b5sdqk\" style=\"margin:0px;overflow:hidden;font-family:SHPBurmese,SHPKhmer,-apple-system,HelveticaNeue-Light,\">Certificado: 3C<\/p>\n<p class=\"qsfBix b5sdqk\" style=\"margin:0px;overflow:hidden;font-family:SHPBurmese,SHPKhmer,-apple-system,HelveticaNeue-Light,\">Estampa: Simples<\/p>\n<p class=\"qsfBix b5sdqk\" style=\"margin:0px;overflow:hidden;font-family:SHPBurmese,SHPKhmer,-apple-system,HelveticaNeue-Light,\">Fonte de energia: Carregador magn\u00e9tico sem fio<\/p>\n<p class=\"qsfBix b5sdqk\" style=\"margin:0px;overflow:hidden;font-family:SHPBurmese,SHPKhmer,-apple-system,HelveticaNeue-Light,\">Cor: Branco<\/p>\n<p class=\"qsfBix b5sdqk\" style=\"margin:0px;overflow:hidden;font-family:SHPBurmese,SHPKhmer,-apple-system,HelveticaNeue-Light,\">Tipo: Carregador sem fio<\/p>\n<p class=\"qsfBix b5sdqk\" style=\"margin:0px;overflow:hidden;font-family:SHPBurmese,SHPKhmer,-apple-system,HelveticaNeue-Light,\">Material: Liga de alum\u00ednio<\/p>\n<p class=\"qsfBix b5sdqk\" style=\"margin:0px;overflow:hidden;font-family:SHPBurmese,SHPKhmer,-apple-system,HelveticaNeue-Light,\">Certificado: 3C<\/p>\n<p class=\"qsfBix b5sdqk\" style=\"margin:0px;overflow:hidden;font-family:SHPBurmese,SHPKhmer,-apple-system,HelveticaNeue-Light,\">Estampa: Simples<\/p>\n<p class=\"qsfBix b5sdqk\" style=\"margin:0px;overflow:hidden;font-family:SHPBurmese,SHPKhmer,-apple-system,HelveticaNeue-Light,\">Fonte de energia: Carregador magn\u00e9tico sem fio<\/p>\n<p class=\"qsfBix b5sdqk\" style=\"margin:0px;overflow:hidden;font-family:SHPBurmese,SHPKhmer,-apple-system,HelveticaNeue-Light,\">Cor: Branco<\/p>\n<p class=\"qsfBix b5sdqk\" style=\"margin:0px;overflow:hidden;font-family:SHPBurmese,SHPKhmer,-apple-system,HelveticaNeue-Light,\">Material: PC<\/p>\n<p class=\"qsfBix b5sdqk\" style=\"margin:0px;overflow:hidden;font-family:SHPBurmese,SHPKhmer,-apple-system,HelveticaNeue-Light,\">Fonte de energia: Recarreg\u00e1vel<\/p>\n<p class=\"qsfBix b5sdqk\" style=\"margin:0px;overflow:hidden;font-family:SHPBurmese,SHPKhmer,-apple-system,HelveticaNeue-Light,\">Componentes inclu\u00eddos: Power Bank<\/p>\n<p class=\"qsfBix b5sdqk\" style=\"margin:0px;overflow:hidden;font-family:SHPBurmese,SHPKhmer,-apple-system,HelveticaNeue-Light,\">Tipo: Power Bank, Esta\u00e7\u00e3o El\u00e9trica Port\u00e1til<\/p>\n","protected":false},"excerpt":{"rendered":"<p>Bateria Externa Iphone Carregador port\u00e1til por indu\u00e7\u00e3o para Iphone Magsafe O carregador port\u00e1til por indu\u00e7\u00e3o \u00e9 ideal para recarregar baterias do seu iPhone de forma r\u00e1pida e simples, sem a necessidade de fios. \u00c9 f\u00e1cil de usar e tem design compacto e intuitivo, conecte o carregador magneticamente \u00e0 parte traseira do telefone e a suc\u00e7\u00e3o&hellip;<\/p>\n","protected":false},"featured_media":15453,"comment_status":"open","ping_status":"closed","template":"","meta":[],"product_cat":[428],"product_tag":[570],"class_list":{"0":"post-15454","1":"product","2":"type-product","3":"status-publish","4":"has-post-thumbnail","6":"product_cat-eletronicos","7":"product_tag-produto-importado","9":"first","10":"instock","11":"taxable","12":"shipping-taxable","13":"purchasable","14":"product-type-simple","15":"col-xs-6 col-sm-4","16":"col-md-3 col-lg-3","17":"un-4-cols"},"jetpack_sharing_enabled":true,"_links":{"self":[{"href":"https:\/\/talec.com.br\/index.php?rest_route=\/wp\/v2\/product\/15454","targetHints":{"allow":["GET"]}}],"collection":[{"href":"https:\/\/talec.com.br\/index.php?rest_route=\/wp\/v2\/product"}],"about":[{"href":"https:\/\/talec.com.br\/index.php?rest_route=\/wp\/v2\/types\/product"}],"replies":[{"embeddable":true,"href":"https:\/\/talec.com.br\/index.php?rest_route=%2Fwp%2Fv2%2Fcomments&post=15454"}],"wp:featuredmedia":[{"embeddable":true,"href":"https:\/\/talec.com.br\/index.php?rest_route=\/wp\/v2\/media\/15453"}],"wp:attachment":[{"href":"https:\/\/talec.com.br\/index.php?rest_route=%2Fwp%2Fv2%2Fmedia&parent=15454"}],"wp:term":[{"taxonomy":"product_cat","embeddable":true,"href":"https:\/\/talec.com.br\/index.php?rest_route=%2Fwp%2Fv2%2Fproduct_cat&post=15454"},{"taxonomy":"product_tag","embeddable":true,"href":"https:\/\/talec.com.br\/index.php?rest_route=%2Fwp%2Fv2%2Fproduct_tag&post=15454"}],"curies":[{"name":"wp","href":"https:\/\/api.w.org\/{rel}","templated":true}]}}