{"id":15426,"date":"2026-01-28T13:23:52","date_gmt":"2026-01-28T13:23:52","guid":{"rendered":"https:\/\/talec.com.br\/?post_type=product&#038;p=15426"},"modified":"2026-01-28T14:00:17","modified_gmt":"2026-01-28T14:00:17","slug":"realme-note-60-128gigas-4-de-ram","status":"publish","type":"product","link":"https:\/\/talec.com.br\/?product=realme-note-60-128gigas-4-de-ram","title":{"rendered":"Realme note 60 128GIGAS 4 de RAM"},"content":{"rendered":"<p>O realme Note 60 \u00e9 um smartphone Android completo, que n\u00e3o tem muito a invejar aos mais avan\u00e7ados dispositivos. Surpreendente \u00e9 sua tela Touchscreen de 6.74 polegadas, que coloca esse realme no topo de sua categoria. A resolu\u00e7\u00e3o tamb\u00e9m \u00e9 alta: 1600&#215;720 pixel. Quanto \u00e0s fun\u00e7\u00f5es, no realme Note 60 realmente n\u00e3o falta nada. Come\u00e7ando pelo conectividade Wi-fi e GPS. A transfer\u00eancia de dados e navega\u00e7\u00e3o web sao fornecidas pela rede UMTS, mas n\u00e3o suporta tecnologias mais recentes, tais como HSDPA. Enfatizamos a boa mem\u00f3ria interna de 64 GB com a possibilidade de expans\u00e3o.<br \/>\nEste realme Note 60 \u00e9 um produto com poucos concorrentes em termos de multim\u00eddia gra\u00e7as \u00e0 c\u00e2mera de 32 megapixels que permite ao realme Note 60 tirar fotos fant\u00e1sticas com uma resolu\u00e7\u00e3o de 6532&#215;4899 pixels e gravar v\u00eddeos em alta defini\u00e7\u00e3o (Full HD) com uma resolu\u00e7\u00e3o de 1920&#215;1080 pixels. Muito fino, 7.8 mil\u00edmetros, o que torna o realme Note 60 realmente interessante<\/p>\n","protected":false},"excerpt":{"rendered":"<p>O realme Note 60 \u00e9 um smartphone Android completo, que n\u00e3o tem muito a invejar aos mais avan\u00e7ados dispositivos. Surpreendente \u00e9 sua tela Touchscreen de 6.74 polegadas, que coloca esse realme no topo de sua categoria. A resolu\u00e7\u00e3o tamb\u00e9m \u00e9 alta: 1600&#215;720 pixel. Quanto \u00e0s fun\u00e7\u00f5es, no realme Note 60 realmente n\u00e3o falta nada. Come\u00e7ando&hellip;<\/p>\n","protected":false},"featured_media":15427,"comment_status":"open","ping_status":"closed","template":"","meta":[],"product_cat":[565],"product_tag":[],"class_list":{"0":"post-15426","1":"product","2":"type-product","3":"status-publish","4":"has-post-thumbnail","6":"product_brand-xiaomi","7":"product_cat-smarthphone","9":"first","10":"instock","11":"sale","12":"taxable","13":"shipping-taxable","14":"purchasable","15":"product-type-simple","16":"col-xs-6 col-sm-4","17":"col-md-3 col-lg-3","18":"un-4-cols"},"jetpack_sharing_enabled":true,"_links":{"self":[{"href":"https:\/\/talec.com.br\/index.php?rest_route=\/wp\/v2\/product\/15426","targetHints":{"allow":["GET"]}}],"collection":[{"href":"https:\/\/talec.com.br\/index.php?rest_route=\/wp\/v2\/product"}],"about":[{"href":"https:\/\/talec.com.br\/index.php?rest_route=\/wp\/v2\/types\/product"}],"replies":[{"embeddable":true,"href":"https:\/\/talec.com.br\/index.php?rest_route=%2Fwp%2Fv2%2Fcomments&post=15426"}],"wp:featuredmedia":[{"embeddable":true,"href":"https:\/\/talec.com.br\/index.php?rest_route=\/wp\/v2\/media\/15427"}],"wp:attachment":[{"href":"https:\/\/talec.com.br\/index.php?rest_route=%2Fwp%2Fv2%2Fmedia&parent=15426"}],"wp:term":[{"taxonomy":"product_cat","embeddable":true,"href":"https:\/\/talec.com.br\/index.php?rest_route=%2Fwp%2Fv2%2Fproduct_cat&post=15426"},{"taxonomy":"product_tag","embeddable":true,"href":"https:\/\/talec.com.br\/index.php?rest_route=%2Fwp%2Fv2%2Fproduct_tag&post=15426"}],"curies":[{"name":"wp","href":"https:\/\/api.w.org\/{rel}","templated":true}]}}