{"id":15421,"date":"2026-01-28T13:03:51","date_gmt":"2026-01-28T13:03:51","guid":{"rendered":"https:\/\/talec.com.br\/?post_type=product&#038;p=15421"},"modified":"2026-01-28T14:00:27","modified_gmt":"2026-01-28T14:00:27","slug":"15421","status":"publish","type":"product","link":"https:\/\/talec.com.br\/?product=15421","title":{"rendered":"Poco C85 256GIGAS 8GB DE RAM Lan\u00e7amento"},"content":{"rendered":"<p><strong>Tela LCD<\/strong> de 6,9 polegadas com resolu\u00e7\u00e3o HD+<br \/>\n<strong>Display<\/strong> com entalhe em gota e taxa de atualiza\u00e7\u00e3o de 120 Hz<br \/>\nPlataforma MediaTek Helio G81 Ultra<br \/>\n<strong>MEM\u00d3RIA<\/strong> 8 GB de RAM<br \/>\n<strong>MEM\u00d3RIA INTERNA<\/strong> 256 GB de armazenamento interno<br \/>\nC\u00e2mera frontal de 8 MP<br \/>\nDuas c\u00e2meras traseiras<br \/>\nC\u00e2mera principal com sensor de 50 MP<br \/>\nSensor auxiliar<br \/>\nConectividade 4G, Wi-Fi, Bluetooth 5.4, porta USB-C, entrada P2 e GPS<br \/>\nCertifica\u00e7\u00e3o IP64 e T\u00dcV Rheinland<br \/>\nBateria de 6.000 mAh com carregamento de 33 W<br \/>\nAndroid 15 sob a interface HyperOS 2<\/p>\n","protected":false},"excerpt":{"rendered":"<p>Tela LCD de 6,9 polegadas com resolu\u00e7\u00e3o HD+ Display com entalhe em gota e taxa de atualiza\u00e7\u00e3o de 120 Hz Plataforma MediaTek Helio G81 Ultra MEM\u00d3RIA 8 GB de RAM MEM\u00d3RIA INTERNA 256 GB de armazenamento interno C\u00e2mera frontal de 8 MP Duas c\u00e2meras traseiras C\u00e2mera principal com sensor de 50 MP Sensor auxiliar Conectividade&hellip;<\/p>\n","protected":false},"featured_media":15422,"comment_status":"open","ping_status":"closed","template":"","meta":[],"product_cat":[565],"product_tag":[],"class_list":{"0":"post-15421","1":"product","2":"type-product","3":"status-publish","4":"has-post-thumbnail","6":"product_brand-xiaomi","7":"product_cat-smarthphone","9":"first","10":"instock","11":"taxable","12":"shipping-taxable","13":"purchasable","14":"product-type-simple","15":"col-xs-6 col-sm-4","16":"col-md-3 col-lg-3","17":"un-4-cols"},"jetpack_sharing_enabled":true,"_links":{"self":[{"href":"https:\/\/talec.com.br\/index.php?rest_route=\/wp\/v2\/product\/15421","targetHints":{"allow":["GET"]}}],"collection":[{"href":"https:\/\/talec.com.br\/index.php?rest_route=\/wp\/v2\/product"}],"about":[{"href":"https:\/\/talec.com.br\/index.php?rest_route=\/wp\/v2\/types\/product"}],"replies":[{"embeddable":true,"href":"https:\/\/talec.com.br\/index.php?rest_route=%2Fwp%2Fv2%2Fcomments&post=15421"}],"wp:featuredmedia":[{"embeddable":true,"href":"https:\/\/talec.com.br\/index.php?rest_route=\/wp\/v2\/media\/15422"}],"wp:attachment":[{"href":"https:\/\/talec.com.br\/index.php?rest_route=%2Fwp%2Fv2%2Fmedia&parent=15421"}],"wp:term":[{"taxonomy":"product_cat","embeddable":true,"href":"https:\/\/talec.com.br\/index.php?rest_route=%2Fwp%2Fv2%2Fproduct_cat&post=15421"},{"taxonomy":"product_tag","embeddable":true,"href":"https:\/\/talec.com.br\/index.php?rest_route=%2Fwp%2Fv2%2Fproduct_tag&post=15421"}],"curies":[{"name":"wp","href":"https:\/\/api.w.org\/{rel}","templated":true}]}}