{"id":15414,"date":"2026-01-28T12:46:28","date_gmt":"2026-01-28T12:46:28","guid":{"rendered":"https:\/\/talec.com.br\/?post_type=product&#038;p=15414"},"modified":"2026-01-28T14:00:37","modified_gmt":"2026-01-28T14:00:37","slug":"poco-m7-pro-256-12gb-5g-dimensity-7025-ultra-mediatek","status":"publish","type":"product","link":"https:\/\/talec.com.br\/?product=poco-m7-pro-256-12gb-5g-dimensity-7025-ultra-mediatek","title":{"rendered":"Poco M7 pro 256\/12GB 5G Dimensity 7025 Ultra MediaTek"},"content":{"rendered":"<p>O Poco M7 Pro 5G \u00e9 um smartphone Android de bom n\u00edvel, \u00f3timo para fotos, que pode satisfazer at\u00e9 o mais exigente dos usu\u00e1rios. Tem uma enorme tela Touchscreen de 6.67 polegadas com uma resolu\u00e7\u00e3o de 2400&#215;1080 pixel. Sobre as caracter\u00edsticas deste Poco M7 Pro 5G na verdade n\u00e3o falta nada. Come\u00e7ando pelo 5G que permite a transfer\u00eancia de dados e excelente navega\u00e7\u00e3o na internet, al\u00e9m de conectividade Wi-fi e GPS. Tem tamb\u00e9m leitor multim\u00eddia, videoconfer\u00eancia e bluetooth. Enfatizamos a boa mem\u00f3ria interna de 256 GB mas sem a possibilidade de expans\u00e3o.<br \/>\nO Poco M7 Pro 5G \u00e9 um produto com poucos concorrentes em termos de multim\u00eddia gra\u00e7as \u00e0 c\u00e2mera de 50 megapixels que permite ao Poco M7 Pro 5G tirar fotos fant\u00e1sticas com uma resolu\u00e7\u00e3o de 8165&#215;6124 pixels e gravar v\u00eddeos em alta defini\u00e7\u00e3o (Full HD) com uma resolu\u00e7\u00e3o de 1920&#215;1080 pixels. Muito fino, 8 mil\u00edmetros, o que torna o Poco M7 Pro 5G realmente interessante.<\/p>\n","protected":false},"excerpt":{"rendered":"<p>O Poco M7 Pro 5G \u00e9 um smartphone Android de bom n\u00edvel, \u00f3timo para fotos, que pode satisfazer at\u00e9 o mais exigente dos usu\u00e1rios. Tem uma enorme tela Touchscreen de 6.67 polegadas com uma resolu\u00e7\u00e3o de 2400&#215;1080 pixel. Sobre as caracter\u00edsticas deste Poco M7 Pro 5G na verdade n\u00e3o falta nada. Come\u00e7ando pelo 5G que&hellip;<\/p>\n","protected":false},"featured_media":15416,"comment_status":"open","ping_status":"closed","template":"","meta":[],"product_cat":[565],"product_tag":[],"class_list":{"0":"post-15414","1":"product","2":"type-product","3":"status-publish","4":"has-post-thumbnail","6":"product_brand-xiaomi","7":"product_cat-smarthphone","9":"first","10":"instock","11":"taxable","12":"shipping-taxable","13":"purchasable","14":"product-type-simple","15":"col-xs-6 col-sm-4","16":"col-md-3 col-lg-3","17":"un-4-cols"},"jetpack_sharing_enabled":true,"_links":{"self":[{"href":"https:\/\/talec.com.br\/index.php?rest_route=\/wp\/v2\/product\/15414","targetHints":{"allow":["GET"]}}],"collection":[{"href":"https:\/\/talec.com.br\/index.php?rest_route=\/wp\/v2\/product"}],"about":[{"href":"https:\/\/talec.com.br\/index.php?rest_route=\/wp\/v2\/types\/product"}],"replies":[{"embeddable":true,"href":"https:\/\/talec.com.br\/index.php?rest_route=%2Fwp%2Fv2%2Fcomments&post=15414"}],"wp:featuredmedia":[{"embeddable":true,"href":"https:\/\/talec.com.br\/index.php?rest_route=\/wp\/v2\/media\/15416"}],"wp:attachment":[{"href":"https:\/\/talec.com.br\/index.php?rest_route=%2Fwp%2Fv2%2Fmedia&parent=15414"}],"wp:term":[{"taxonomy":"product_cat","embeddable":true,"href":"https:\/\/talec.com.br\/index.php?rest_route=%2Fwp%2Fv2%2Fproduct_cat&post=15414"},{"taxonomy":"product_tag","embeddable":true,"href":"https:\/\/talec.com.br\/index.php?rest_route=%2Fwp%2Fv2%2Fproduct_tag&post=15414"}],"curies":[{"name":"wp","href":"https:\/\/api.w.org\/{rel}","templated":true}]}}