{"id":12808,"date":"2026-01-17T03:45:00","date_gmt":"2026-01-17T03:45:00","guid":{"rendered":"https:\/\/talec.com.br\/?post_type=product&#038;p=12808"},"modified":"2026-04-19T21:55:10","modified_gmt":"2026-04-19T21:55:10","slug":"point-pro-3-mercado-pago","status":"publish","type":"product","link":"https:\/\/talec.com.br\/?product=point-pro-3-mercado-pago","title":{"rendered":"Point pro 3 Mercado Pago"},"content":{"rendered":"<p>Aproveite esse desconto e garanta taxas promocionais a partir de 0,74% no cr\u00e9dito \u00e0 vista e 8,99% no cr\u00e9dito parcelado em 12x.<\/p>\n<p>\ud83e\udd11 \ud83d\udcb3 \ud83d\ude0e<br \/>\nhttps:\/\/mpago.li\/29x21qV<\/p>\n<p class=\"calm-landings-library-paymentmethods__footer\" style=\"text-align: center;\"><img fetchpriority=\"high\" decoding=\"async\" class=\"alignnone wp-image-12810 size-full\" src=\"http:\/\/talec.com.br\/wp-content\/uploads\/2026\/01\/point-pro-3-2.png\" alt=\"\" width=\"1600\" height=\"524\" srcset=\"https:\/\/talec.com.br\/wp-content\/uploads\/2026\/01\/point-pro-3-2.png 1600w, https:\/\/talec.com.br\/wp-content\/uploads\/2026\/01\/point-pro-3-2-300x98.png 300w, https:\/\/talec.com.br\/wp-content\/uploads\/2026\/01\/point-pro-3-2-1024x335.png 1024w, https:\/\/talec.com.br\/wp-content\/uploads\/2026\/01\/point-pro-3-2-768x252.png 768w, https:\/\/talec.com.br\/wp-content\/uploads\/2026\/01\/point-pro-3-2-1536x503.png 1536w, https:\/\/talec.com.br\/wp-content\/uploads\/2026\/01\/point-pro-3-2-370x121.png 370w, https:\/\/talec.com.br\/wp-content\/uploads\/2026\/01\/point-pro-3-2-600x197.png 600w\" sizes=\"(max-width: 1600px) 100vw, 1600px\" \/><\/p>\n<p><img decoding=\"async\" class=\"alignnone wp-image-12809 size-full\" src=\"http:\/\/talec.com.br\/wp-content\/uploads\/2026\/01\/point-pro-3.png\" alt=\"\" width=\"1600\" height=\"900\" srcset=\"https:\/\/talec.com.br\/wp-content\/uploads\/2026\/01\/point-pro-3.png 1600w, https:\/\/talec.com.br\/wp-content\/uploads\/2026\/01\/point-pro-3-300x169.png 300w, https:\/\/talec.com.br\/wp-content\/uploads\/2026\/01\/point-pro-3-1024x576.png 1024w, https:\/\/talec.com.br\/wp-content\/uploads\/2026\/01\/point-pro-3-768x432.png 768w, https:\/\/talec.com.br\/wp-content\/uploads\/2026\/01\/point-pro-3-1536x864.png 1536w, https:\/\/talec.com.br\/wp-content\/uploads\/2026\/01\/point-pro-3-370x208.png 370w, https:\/\/talec.com.br\/wp-content\/uploads\/2026\/01\/point-pro-3-600x338.png 600w\" sizes=\"(max-width: 1600px) 100vw, 1600px\" \/><\/p>\n","protected":false},"excerpt":{"rendered":"<p><img decoding=\"async\" class=\"alignnone wp-image-12813 size-full\" src=\"http:\/\/talec.com.br\/wp-content\/uploads\/2026\/01\/epec.png\" alt=\"\" width=\"918\" height=\"280\" srcset=\"https:\/\/talec.com.br\/wp-content\/uploads\/2026\/01\/epec.png 918w, https:\/\/talec.com.br\/wp-content\/uploads\/2026\/01\/epec-300x92.png 300w, https:\/\/talec.com.br\/wp-content\/uploads\/2026\/01\/epec-768x234.png 768w, https:\/\/talec.com.br\/wp-content\/uploads\/2026\/01\/epec-370x113.png 370w, https:\/\/talec.com.br\/wp-content\/uploads\/2026\/01\/epec-600x183.png 600w\" sizes=\"(max-width: 918px) 100vw, 918px\" \/><\/p>\n","protected":false},"featured_media":12811,"comment_status":"open","ping_status":"closed","template":"","meta":[],"product_cat":[172],"product_tag":[],"class_list":{"0":"post-12808","1":"product","2":"type-product","3":"status-publish","4":"has-post-thumbnail","6":"product_cat-maquinas-de-cartao","8":"first","9":"instock","10":"taxable","11":"shipping-taxable","12":"purchasable","13":"product-type-simple","14":"col-xs-6 col-sm-4","15":"col-md-3 col-lg-3","16":"un-4-cols"},"jetpack_sharing_enabled":true,"_links":{"self":[{"href":"https:\/\/talec.com.br\/index.php?rest_route=\/wp\/v2\/product\/12808","targetHints":{"allow":["GET"]}}],"collection":[{"href":"https:\/\/talec.com.br\/index.php?rest_route=\/wp\/v2\/product"}],"about":[{"href":"https:\/\/talec.com.br\/index.php?rest_route=\/wp\/v2\/types\/product"}],"replies":[{"embeddable":true,"href":"https:\/\/talec.com.br\/index.php?rest_route=%2Fwp%2Fv2%2Fcomments&post=12808"}],"wp:featuredmedia":[{"embeddable":true,"href":"https:\/\/talec.com.br\/index.php?rest_route=\/wp\/v2\/media\/12811"}],"wp:attachment":[{"href":"https:\/\/talec.com.br\/index.php?rest_route=%2Fwp%2Fv2%2Fmedia&parent=12808"}],"wp:term":[{"taxonomy":"product_cat","embeddable":true,"href":"https:\/\/talec.com.br\/index.php?rest_route=%2Fwp%2Fv2%2Fproduct_cat&post=12808"},{"taxonomy":"product_tag","embeddable":true,"href":"https:\/\/talec.com.br\/index.php?rest_route=%2Fwp%2Fv2%2Fproduct_tag&post=12808"}],"curies":[{"name":"wp","href":"https:\/\/api.w.org\/{rel}","templated":true}]}}